
{"id":27045,"date":"2023-12-07T08:21:57","date_gmt":"2023-12-07T13:21:57","guid":{"rendered":"https:\/\/www.pierre-wedding.com\/contacteme\/"},"modified":"2023-12-07T08:22:03","modified_gmt":"2023-12-07T13:22:03","slug":"contacteme","status":"publish","type":"page","link":"https:\/\/www.pierre-wedding.com\/es\/contacteme\/","title":{"rendered":"Contacteme"},"content":{"rendered":"\t\t<div data-elementor-type=\"wp-post\" data-elementor-id=\"27045\" class=\"elementor elementor-27045 elementor-9702\" data-elementor-post-type=\"page\">\n\t\t\t\t\t\t<section class=\"jarallax lazyload elementor-section elementor-top-section elementor-element elementor-element-53794fc elementor-section-boxed elementor-section-height-default elementor-section-height-default\" data-jarallax=\"\" data-speed=\"0.75\" data-type=\"scroll\" data-parallax=\"scroll\" style=\"background-image:url(&quot;https:\/\/www.pierre-wedding.com\/wp-content\/uploads\/2021\/04\/CristinaDavid-152-high.jpg&quot;);\" data-image-src=\"https:\/\/www.pierre-wedding.com\/wp-content\/uploads\/2021\/04\/CristinaDavid-152-high.jpg\" data-id=\"53794fc\" data-element_type=\"section\" data-e-type=\"section\" data-settings=\"{&quot;background_background&quot;:&quot;classic&quot;}\">\n\t\t\t\t\t\t\t<div class=\"elementor-background-overlay\"><\/div>\n\t\t\t\t\t\t\t<div class=\"elementor-container elementor-column-gap-default\">\n\t\t\t\t\t<div class=\"elementor-column elementor-col-100 elementor-top-column elementor-element elementor-element-e5fc450\" data-id=\"e5fc450\" data-element_type=\"column\" data-e-type=\"column\" data-settings=\"{&quot;motion_fx_motion_fx_scrolling&quot;:&quot;yes&quot;,&quot;motion_fx_translateY_effect&quot;:&quot;yes&quot;,&quot;motion_fx_translateY_direction&quot;:&quot;negative&quot;,&quot;motion_fx_translateY_speed&quot;:{&quot;unit&quot;:&quot;px&quot;,&quot;size&quot;:3.4,&quot;sizes&quot;:[]},&quot;motion_fx_devices&quot;:[&quot;desktop&quot;],&quot;motion_fx_translateY_affectedRange&quot;:{&quot;unit&quot;:&quot;%&quot;,&quot;size&quot;:&quot;&quot;,&quot;sizes&quot;:{&quot;start&quot;:0,&quot;end&quot;:100}}}\">\n\t\t\t<div class=\"elementor-widget-wrap elementor-element-populated\">\n\t\t\t\t\t\t<div class=\"elementor-element elementor-element-d2861d9 section-align-center section-size-large subtitle-style-default elementor-widget elementor-widget-section-heading\" data-id=\"d2861d9\" data-element_type=\"widget\" data-e-type=\"widget\" data-widget_type=\"section-heading.default\">\n\t\t\t\t<div class=\"elementor-widget-container\">\n\t\t\t\t\t<div class=\"section-heading headingstyle-default\"><div class=\"section-title-wrapper\"><h2 class=\"entry-title section-title\">Contacto <\/h2><\/div><h5 class=\"entry-sub-title section-sub-title\">Pierre Violle<\/h5><div class=\"section-description clearfix\"><div class=\"section-description-inner\"><p><strong>Fotograf\u00eda de Bodas y Retratos<\/strong><\/p>\n<p>sede en la Riviera maya \/ M\u00e9xico<br \/>Playa del carmen - Cancun -Tulum<br \/>Cobertura mundial<\/p>\n<\/div><\/div><\/div>\t\t\t\t<\/div>\n\t\t\t\t<\/div>\n\t\t\t\t\t<\/div>\n\t\t<\/div>\n\t\t\t\t\t<\/div>\n\t\t<\/section>\n\t\t\t\t<section class=\"elementor-section elementor-top-section elementor-element elementor-element-07dabc4 elementor-section-boxed elementor-section-height-default elementor-section-height-default\" data-id=\"07dabc4\" data-element_type=\"section\" data-e-type=\"section\">\n\t\t\t\t\t\t\t<div class=\"elementor-background-overlay\"><\/div>\n\t\t\t\t\t\t\t<div class=\"elementor-container elementor-column-gap-wider\">\n\t\t\t\t\t<div class=\"elementor-column elementor-col-100 elementor-top-column elementor-element elementor-element-31ca648\" data-id=\"31ca648\" data-element_type=\"column\" data-e-type=\"column\">\n\t\t\t<div class=\"elementor-widget-wrap elementor-element-populated\">\n\t\t\t\t\t\t<div class=\"elementor-element elementor-element-47acca6 elementor-widget elementor-widget-text-editor\" data-id=\"47acca6\" data-element_type=\"widget\" data-e-type=\"widget\" data-widget_type=\"text-editor.default\">\n\t\t\t\t<div class=\"elementor-widget-container\">\n\t\t\t\t\t\t\t\t\t<p><strong>Personalizo cada sesi\u00f3n fotogr\u00e1fica. <br \/>Cu\u00e9nteme su proyecto, todas sus expectativas y juntos haremos realidad sus sue\u00f1os<br \/><\/strong><\/p>\n\t\t\t\t\t\t\t\t<\/div>\n\t\t\t\t<\/div>\n\t\t\t\t<div class=\"elementor-element elementor-element-d1e91ef elementor-widget elementor-widget-text-editor\" data-id=\"d1e91ef\" data-element_type=\"widget\" data-e-type=\"widget\" data-widget_type=\"text-editor.default\">\n\t\t\t\t<div class=\"elementor-widget-container\">\n\t\t\t\t\t\t\t\t\t<p><a href=\"mailto:contact@pierre-photography.com\">Contact@pierre-photography.com<\/a><br \/><strong>o<\/strong><\/p>\n\t\t\t\t\t\t\t\t<\/div>\n\t\t\t\t<\/div>\n\t\t\t\t<div class=\"elementor-element elementor-element-246dda7 input-border-style-default input-icons-default elementor-widget elementor-widget-contactform\" data-id=\"246dda7\" data-element_type=\"widget\" data-e-type=\"widget\" data-widget_type=\"contactform.default\">\n\t\t\t\t<div class=\"elementor-widget-container\">\n\t\t\t\t\t\t\t<div class=\"mtheme-contact-form-container\">\n\t\t\t\n<div class=\"wpcf7 no-js\" id=\"wpcf7-f9680-o1\" lang=\"en-US\" dir=\"ltr\" data-wpcf7-id=\"9680\">\n<div class=\"screen-reader-response\"><p role=\"status\" aria-live=\"polite\" aria-atomic=\"true\"><\/p> <ul><\/ul><\/div>\n<form action=\"\/es\/wp-json\/wp\/v2\/pages\/27045#wpcf7-f9680-o1\" method=\"post\" class=\"wpcf7-form init\" aria-label=\"Contact form\" novalidate=\"novalidate\" data-status=\"init\">\n<fieldset class=\"hidden-fields-container\"><input type=\"hidden\" name=\"_wpcf7\" value=\"9680\" \/><input type=\"hidden\" name=\"_wpcf7_version\" value=\"6.1.5\" \/><input type=\"hidden\" name=\"_wpcf7_locale\" value=\"en_US\" \/><input type=\"hidden\" name=\"_wpcf7_unit_tag\" value=\"wpcf7-f9680-o1\" \/><input type=\"hidden\" name=\"_wpcf7_container_post\" value=\"0\" \/><input type=\"hidden\" name=\"_wpcf7_posted_data_hash\" value=\"\" \/>\n<\/fieldset>\n<div class=\"two-fields clearfix\">\n\t<div class=\"mtheme-form-field\">\n\t\t<p><i class=\"ion-ios-contact-outline\"><\/i><span class=\"wpcf7-form-control-wrap\" data-name=\"first-name\"><input size=\"40\" maxlength=\"400\" class=\"wpcf7-form-control wpcf7-text wpcf7-validates-as-required\" aria-required=\"true\" aria-invalid=\"false\" placeholder=\"Name (required)\" value=\"\" type=\"text\" name=\"first-name\" \/><\/span>\n\t\t<\/p>\n\t<\/div>\n\t<div class=\"mtheme-form-field\">\n\t\t<p><i class=\"ion-ios-email\"><\/i><span class=\"wpcf7-form-control-wrap\" data-name=\"your-email\"><input size=\"40\" maxlength=\"400\" class=\"wpcf7-form-control wpcf7-email wpcf7-validates-as-required wpcf7-text wpcf7-validates-as-email\" aria-required=\"true\" aria-invalid=\"false\" placeholder=\"Your Email (required)\" value=\"\" type=\"email\" name=\"your-email\" \/><\/span>\n\t\t<\/p>\n\t<\/div>\n<\/div>\n<div class=\"two-fields clearfix\">\n\t<div class=\"mtheme-form-field\">\n\t\t<p><i class=\"ion-ios-telephone\"><\/i><span class=\"wpcf7-form-control-wrap\" data-name=\"your-phone\"><input size=\"40\" maxlength=\"400\" class=\"wpcf7-form-control wpcf7-text\" aria-invalid=\"false\" placeholder=\"Phone No:\" value=\"\" type=\"text\" name=\"your-phone\" \/><\/span>\n\t\t<\/p>\n\t<\/div>\n\t<div class=\"mtheme-form-field\">\n\t\t<p><i class=\"ion-ios-compose\"><\/i><span class=\"wpcf7-form-control-wrap\" data-name=\"your-date\"><input class=\"wpcf7-form-control wpcf7-date wpcf7-validates-as-date\" aria-invalid=\"false\" placeholder=\"Date of your event\" value=\"\" type=\"date\" name=\"your-date\" \/><\/span>\n\t\t<\/p>\n\t<\/div>\n<\/div>\n<div class=\"single-field\">\n\t<div class=\"mtheme-form-field\">\n\t\t<p><i class=\"ion-ios-compose\"><\/i><span class=\"wpcf7-form-control-wrap\" data-name=\"your-subject\"><input size=\"40\" maxlength=\"400\" class=\"wpcf7-form-control wpcf7-text\" aria-invalid=\"false\" placeholder=\"Subject\" value=\"\" type=\"text\" name=\"your-subject\" \/><\/span>\n\t\t<\/p>\n\t<\/div>\n<\/div>\n<div class=\"single-field\">\n\t<div class=\"mtheme-form-field\">\n\t\t<p><i class=\"ion-ios-compose\"><\/i><span class=\"wpcf7-form-control-wrap\" data-name=\"your-message\"><textarea cols=\"40\" rows=\"10\" maxlength=\"2000\" class=\"wpcf7-form-control wpcf7-textarea wpcf7-validates-as-required\" aria-required=\"true\" aria-invalid=\"false\" placeholder=\"Your Message (required)\" name=\"your-message\"><\/textarea><\/span>\n\t\t<\/p>\n\t<\/div>\n<\/div>\n<div class=\"single-field\">\n\t<div class=\"mtheme-form-field\">\n\t\t<p><i class=\"ion-ios-compose\"><\/i><span class=\"wpcf7-form-control-wrap\" data-name=\"feedback\"><input size=\"40\" maxlength=\"400\" class=\"wpcf7-form-control wpcf7-text\" aria-invalid=\"false\" placeholder=\"How did you hear about me\" value=\"\" type=\"text\" name=\"feedback\" \/><\/span>\n\t\t<\/p>\n\t<\/div>\n<\/div>\n<p><input class=\"wpcf7-form-control wpcf7-submit has-spinner\" type=\"submit\" value=\"Send\" \/>\n<\/p><p style=\"display: none !important;\" class=\"akismet-fields-container\" data-prefix=\"_wpcf7_ak_\"><label>\u0394<textarea name=\"_wpcf7_ak_hp_textarea\" cols=\"45\" rows=\"8\" maxlength=\"100\"><\/textarea><\/label><input type=\"hidden\" id=\"ak_js_1\" name=\"_wpcf7_ak_js\" value=\"80\"\/><script type=\"text\/javascript\">\n\/* <![CDATA[ *\/\ndocument.getElementById( \"ak_js_1\" ).setAttribute( \"value\", ( new Date() ).getTime() );\n\/* ]]> *\/\n<\/script>\n<\/p><div class=\"wpcf7-response-output\" aria-hidden=\"true\"><\/div>\n<\/form>\n<\/div>\n\t\t<\/div>\n\t\t\t\t\t\t<\/div>\n\t\t\t\t<\/div>\n\t\t\t\t\t<\/div>\n\t\t<\/div>\n\t\t\t\t\t<\/div>\n\t\t<\/section>\n\t\t\t\t<section class=\"elementor-section elementor-top-section elementor-element elementor-element-81e72a7 elementor-section-full_width elementor-section-height-default elementor-section-height-default\" data-id=\"81e72a7\" data-element_type=\"section\" data-e-type=\"section\">\n\t\t\t\t\t\t<div class=\"elementor-container elementor-column-gap-no\">\n\t\t\t\t\t<div class=\"elementor-column elementor-col-100 elementor-top-column elementor-element elementor-element-d3da09e\" data-id=\"d3da09e\" data-element_type=\"column\" data-e-type=\"column\">\n\t\t\t<div class=\"elementor-widget-wrap elementor-element-populated\">\n\t\t\t\t\t\t<div class=\"elementor-element elementor-element-8f57cef carousel-dots-no carousel-arrow-shape-default elementor-widget elementor-widget-slideshow-carousel\" data-id=\"8f57cef\" data-element_type=\"widget\" data-e-type=\"widget\" data-widget_type=\"slideshow-carousel.default\">\n\t\t\t\t<div class=\"elementor-widget-container\">\n\t\t\t\t\t<div class=\"gridblock-owlcarousel-wrap clearfix\"><div id=\"27045-6a06e0972ff81\" class=\"owl-carousel owl-slideshow-element owl-carousel-detect owl-carousel-type-flatcarousel\" data-autoplaytimeout=\"3500\" data-smartspeed=\"1500\" data-id=\"27045-6a06e0972ff81\" data-autoplay=\"true\" data-lazyload=\"false\" data-type=\"flatcarousel\"><div class=\"gridblock-slideshow-element\"><img decoding=\"async\" src=\"https:\/\/www.pierre-wedding.com\/wp-content\/uploads\/2021\/04\/LauraKris-38-High.jpg\" alt=\"\" class=\"owl-slide-image\"\/><\/div><div class=\"gridblock-slideshow-element\"><img decoding=\"async\" src=\"https:\/\/www.pierre-wedding.com\/wp-content\/uploads\/2019\/04\/xcaret-wedding-38.jpg\" alt=\"\" class=\"owl-slide-image\"\/><\/div><div class=\"gridblock-slideshow-element\"><img decoding=\"async\" src=\"https:\/\/www.pierre-wedding.com\/wp-content\/uploads\/2021\/04\/Nadiia-Mexico-010-High.jpg\" alt=\"\" class=\"owl-slide-image\"\/><\/div><div class=\"gridblock-slideshow-element\"><img decoding=\"async\" src=\"https:\/\/www.pierre-wedding.com\/wp-content\/uploads\/2019\/04\/xcaret-wedding-10.jpg\" alt=\"\" class=\"owl-slide-image\"\/><\/div><\/div><\/div>\t\t\t\t<\/div>\n\t\t\t\t<\/div>\n\t\t\t\t\t<\/div>\n\t\t<\/div>\n\t\t\t\t\t<\/div>\n\t\t<\/section>\n\t\t\t\t<\/div>\n\t\t","protected":false},"excerpt":{"rendered":"<p>Contacto Pierre Violle Fotograf\u00eda de Bodas y Retratos sede en la Riviera maya \/ M\u00e9xicoPlaya del carmen \u2013 Cancun -TulumCobertura mundial Personalizo cada sesi\u00f3n fotogr\u00e1fica. Cu\u00e9nteme su proyecto, todas sus expectativas y juntos haremos realidad sus sue\u00f1os Contact@pierre-photography.como \u0394<\/p>\n","protected":false},"author":1,"featured_media":24993,"parent":0,"menu_order":0,"comment_status":"closed","ping_status":"closed","template":"","meta":{"_acf_changed":false,"footnotes":""},"class_list":["post-27045","page","type-page","status-publish","has-post-thumbnail","hentry"],"acf":[],"yoast_head":"<!-- This site is optimized with the Yoast SEO plugin v27.6 - https:\/\/yoast.com\/product\/yoast-seo-wordpress\/ -->\n<title>Contacto - Pierre Violle Photography<\/title>\n<meta name=\"description\" content=\"Contacto - Pierre visual studio\/ Pierre Violle photograhy\" \/>\n<meta name=\"robots\" content=\"index, follow, max-snippet:-1, max-image-preview:large, max-video-preview:-1\" \/>\n<link rel=\"canonical\" href=\"https:\/\/www.pierre-wedding.com\/es\/contacteme\/\" \/>\n<meta property=\"og:locale\" content=\"es_MX\" \/>\n<meta property=\"og:type\" content=\"article\" \/>\n<meta property=\"og:title\" content=\"Contacto - Pierre Violle Photography\" \/>\n<meta property=\"og:description\" content=\"Contacto - Pierre visual studio\/ Pierre Violle photograhy\" \/>\n<meta property=\"og:url\" content=\"https:\/\/www.pierre-wedding.com\/es\/contacteme\/\" \/>\n<meta property=\"og:site_name\" content=\"Pierre Violle Photography\" \/>\n<meta property=\"article:publisher\" content=\"https:\/\/www.facebook.com\/Pierre.Visual.Studio\" \/>\n<meta property=\"article:modified_time\" content=\"2023-12-07T13:22:03+00:00\" \/>\n<meta property=\"og:image\" content=\"https:\/\/www.pierre-wedding.com\/wp-content\/uploads\/2021\/05\/maya-wedding-cenote-63-1.jpg\" \/>\n\t<meta property=\"og:image:width\" content=\"2000\" \/>\n\t<meta property=\"og:image:height\" content=\"1333\" \/>\n\t<meta property=\"og:image:type\" content=\"image\/jpeg\" \/>\n<meta name=\"twitter:card\" content=\"summary_large_image\" \/>\n<script type=\"application\/ld+json\" class=\"yoast-schema-graph\">{\"@context\":\"https:\\\/\\\/schema.org\",\"@graph\":[{\"@type\":\"WebPage\",\"@id\":\"https:\\\/\\\/www.pierre-wedding.com\\\/es\\\/contacteme\\\/\",\"url\":\"https:\\\/\\\/www.pierre-wedding.com\\\/es\\\/contacteme\\\/\",\"name\":\"Contacto - Pierre Violle Photography\",\"isPartOf\":{\"@id\":\"https:\\\/\\\/www.pierre-wedding.com\\\/es\\\/#website\"},\"primaryImageOfPage\":{\"@id\":\"https:\\\/\\\/www.pierre-wedding.com\\\/es\\\/contacteme\\\/#primaryimage\"},\"image\":{\"@id\":\"https:\\\/\\\/www.pierre-wedding.com\\\/es\\\/contacteme\\\/#primaryimage\"},\"thumbnailUrl\":\"https:\\\/\\\/www.pierre-wedding.com\\\/wp-content\\\/uploads\\\/2021\\\/05\\\/maya-wedding-cenote-63-1.jpg\",\"datePublished\":\"2023-12-07T13:21:57+00:00\",\"dateModified\":\"2023-12-07T13:22:03+00:00\",\"description\":\"Contacto - Pierre visual studio\\\/ Pierre Violle photograhy\",\"breadcrumb\":{\"@id\":\"https:\\\/\\\/www.pierre-wedding.com\\\/es\\\/contacteme\\\/#breadcrumb\"},\"inLanguage\":\"es\",\"potentialAction\":[{\"@type\":\"ReadAction\",\"target\":[\"https:\\\/\\\/www.pierre-wedding.com\\\/es\\\/contacteme\\\/\"]}]},{\"@type\":\"ImageObject\",\"inLanguage\":\"es\",\"@id\":\"https:\\\/\\\/www.pierre-wedding.com\\\/es\\\/contacteme\\\/#primaryimage\",\"url\":\"https:\\\/\\\/www.pierre-wedding.com\\\/wp-content\\\/uploads\\\/2021\\\/05\\\/maya-wedding-cenote-63-1.jpg\",\"contentUrl\":\"https:\\\/\\\/www.pierre-wedding.com\\\/wp-content\\\/uploads\\\/2021\\\/05\\\/maya-wedding-cenote-63-1.jpg\",\"width\":2000,\"height\":1333,\"caption\":\"Pierre visual studio\"},{\"@type\":\"BreadcrumbList\",\"@id\":\"https:\\\/\\\/www.pierre-wedding.com\\\/es\\\/contacteme\\\/#breadcrumb\",\"itemListElement\":[{\"@type\":\"ListItem\",\"position\":1,\"name\":\"Inicio\",\"item\":\"https:\\\/\\\/www.pierre-wedding.com\\\/es\\\/\"},{\"@type\":\"ListItem\",\"position\":2,\"name\":\"Contacteme\"}]},{\"@type\":\"WebSite\",\"@id\":\"https:\\\/\\\/www.pierre-wedding.com\\\/es\\\/#website\",\"url\":\"https:\\\/\\\/www.pierre-wedding.com\\\/es\\\/\",\"name\":\"Pierre Violle Photography\",\"description\":\"wedding and portrait Photography\",\"publisher\":{\"@id\":\"https:\\\/\\\/www.pierre-wedding.com\\\/es\\\/#organization\"},\"potentialAction\":[{\"@type\":\"SearchAction\",\"target\":{\"@type\":\"EntryPoint\",\"urlTemplate\":\"https:\\\/\\\/www.pierre-wedding.com\\\/es\\\/?s={search_term_string}\"},\"query-input\":{\"@type\":\"PropertyValueSpecification\",\"valueRequired\":true,\"valueName\":\"search_term_string\"}}],\"inLanguage\":\"es\"},{\"@type\":\"Organization\",\"@id\":\"https:\\\/\\\/www.pierre-wedding.com\\\/es\\\/#organization\",\"name\":\"Pierre Visual Studio\",\"url\":\"https:\\\/\\\/www.pierre-wedding.com\\\/es\\\/\",\"logo\":{\"@type\":\"ImageObject\",\"inLanguage\":\"es\",\"@id\":\"https:\\\/\\\/www.pierre-wedding.com\\\/es\\\/#\\\/schema\\\/logo\\\/image\\\/\",\"url\":\"https:\\\/\\\/www.pierre-wedding.com\\\/wp-content\\\/uploads\\\/2021\\\/03\\\/logo-final-PIERRE-VIOLLE-3000-negro-transparente-02b.png\",\"contentUrl\":\"https:\\\/\\\/www.pierre-wedding.com\\\/wp-content\\\/uploads\\\/2021\\\/03\\\/logo-final-PIERRE-VIOLLE-3000-negro-transparente-02b.png\",\"width\":3050,\"height\":900,\"caption\":\"Pierre Visual Studio\"},\"image\":{\"@id\":\"https:\\\/\\\/www.pierre-wedding.com\\\/es\\\/#\\\/schema\\\/logo\\\/image\\\/\"},\"sameAs\":[\"https:\\\/\\\/www.facebook.com\\\/Pierre.Visual.Studio\",\"https:\\\/\\\/www.instagram.com\\\/pierre_visual_studio\",\"https:\\\/\\\/www.linkedin.com\\\/in\\\/pierre-violle-0b0a073\\\/\",\"https:\\\/\\\/www.youtube.com\\\/user\\\/PierreVisualStudio\"]}]}<\/script>\n<!-- \/ Yoast SEO plugin. -->","yoast_head_json":{"title":"Contacto - Pierre Violle Photography","description":"Contacto - Pierre visual studio\/ Pierre Violle photograhy","robots":{"index":"index","follow":"follow","max-snippet":"max-snippet:-1","max-image-preview":"max-image-preview:large","max-video-preview":"max-video-preview:-1"},"canonical":"https:\/\/www.pierre-wedding.com\/es\/contacteme\/","og_locale":"es_MX","og_type":"article","og_title":"Contacto - Pierre Violle Photography","og_description":"Contacto - Pierre visual studio\/ Pierre Violle photograhy","og_url":"https:\/\/www.pierre-wedding.com\/es\/contacteme\/","og_site_name":"Pierre Violle Photography","article_publisher":"https:\/\/www.facebook.com\/Pierre.Visual.Studio","article_modified_time":"2023-12-07T13:22:03+00:00","og_image":[{"width":2000,"height":1333,"url":"https:\/\/www.pierre-wedding.com\/wp-content\/uploads\/2021\/05\/maya-wedding-cenote-63-1.jpg","type":"image\/jpeg"}],"twitter_card":"summary_large_image","schema":{"@context":"https:\/\/schema.org","@graph":[{"@type":"WebPage","@id":"https:\/\/www.pierre-wedding.com\/es\/contacteme\/","url":"https:\/\/www.pierre-wedding.com\/es\/contacteme\/","name":"Contacto - Pierre Violle Photography","isPartOf":{"@id":"https:\/\/www.pierre-wedding.com\/es\/#website"},"primaryImageOfPage":{"@id":"https:\/\/www.pierre-wedding.com\/es\/contacteme\/#primaryimage"},"image":{"@id":"https:\/\/www.pierre-wedding.com\/es\/contacteme\/#primaryimage"},"thumbnailUrl":"https:\/\/www.pierre-wedding.com\/wp-content\/uploads\/2021\/05\/maya-wedding-cenote-63-1.jpg","datePublished":"2023-12-07T13:21:57+00:00","dateModified":"2023-12-07T13:22:03+00:00","description":"Contacto - Pierre visual studio\/ Pierre Violle photograhy","breadcrumb":{"@id":"https:\/\/www.pierre-wedding.com\/es\/contacteme\/#breadcrumb"},"inLanguage":"es","potentialAction":[{"@type":"ReadAction","target":["https:\/\/www.pierre-wedding.com\/es\/contacteme\/"]}]},{"@type":"ImageObject","inLanguage":"es","@id":"https:\/\/www.pierre-wedding.com\/es\/contacteme\/#primaryimage","url":"https:\/\/www.pierre-wedding.com\/wp-content\/uploads\/2021\/05\/maya-wedding-cenote-63-1.jpg","contentUrl":"https:\/\/www.pierre-wedding.com\/wp-content\/uploads\/2021\/05\/maya-wedding-cenote-63-1.jpg","width":2000,"height":1333,"caption":"Pierre visual studio"},{"@type":"BreadcrumbList","@id":"https:\/\/www.pierre-wedding.com\/es\/contacteme\/#breadcrumb","itemListElement":[{"@type":"ListItem","position":1,"name":"Inicio","item":"https:\/\/www.pierre-wedding.com\/es\/"},{"@type":"ListItem","position":2,"name":"Contacteme"}]},{"@type":"WebSite","@id":"https:\/\/www.pierre-wedding.com\/es\/#website","url":"https:\/\/www.pierre-wedding.com\/es\/","name":"Pierre Violle Photography","description":"wedding and portrait Photography","publisher":{"@id":"https:\/\/www.pierre-wedding.com\/es\/#organization"},"potentialAction":[{"@type":"SearchAction","target":{"@type":"EntryPoint","urlTemplate":"https:\/\/www.pierre-wedding.com\/es\/?s={search_term_string}"},"query-input":{"@type":"PropertyValueSpecification","valueRequired":true,"valueName":"search_term_string"}}],"inLanguage":"es"},{"@type":"Organization","@id":"https:\/\/www.pierre-wedding.com\/es\/#organization","name":"Pierre Visual Studio","url":"https:\/\/www.pierre-wedding.com\/es\/","logo":{"@type":"ImageObject","inLanguage":"es","@id":"https:\/\/www.pierre-wedding.com\/es\/#\/schema\/logo\/image\/","url":"https:\/\/www.pierre-wedding.com\/wp-content\/uploads\/2021\/03\/logo-final-PIERRE-VIOLLE-3000-negro-transparente-02b.png","contentUrl":"https:\/\/www.pierre-wedding.com\/wp-content\/uploads\/2021\/03\/logo-final-PIERRE-VIOLLE-3000-negro-transparente-02b.png","width":3050,"height":900,"caption":"Pierre Visual Studio"},"image":{"@id":"https:\/\/www.pierre-wedding.com\/es\/#\/schema\/logo\/image\/"},"sameAs":["https:\/\/www.facebook.com\/Pierre.Visual.Studio","https:\/\/www.instagram.com\/pierre_visual_studio","https:\/\/www.linkedin.com\/in\/pierre-violle-0b0a073\/","https:\/\/www.youtube.com\/user\/PierreVisualStudio"]}]}},"_links":{"self":[{"href":"https:\/\/www.pierre-wedding.com\/es\/wp-json\/wp\/v2\/pages\/27045","targetHints":{"allow":["GET"]}}],"collection":[{"href":"https:\/\/www.pierre-wedding.com\/es\/wp-json\/wp\/v2\/pages"}],"about":[{"href":"https:\/\/www.pierre-wedding.com\/es\/wp-json\/wp\/v2\/types\/page"}],"author":[{"embeddable":true,"href":"https:\/\/www.pierre-wedding.com\/es\/wp-json\/wp\/v2\/users\/1"}],"replies":[{"embeddable":true,"href":"https:\/\/www.pierre-wedding.com\/es\/wp-json\/wp\/v2\/comments?post=27045"}],"version-history":[{"count":0,"href":"https:\/\/www.pierre-wedding.com\/es\/wp-json\/wp\/v2\/pages\/27045\/revisions"}],"wp:featuredmedia":[{"embeddable":true,"href":"https:\/\/www.pierre-wedding.com\/es\/wp-json\/wp\/v2\/media\/24993"}],"wp:attachment":[{"href":"https:\/\/www.pierre-wedding.com\/es\/wp-json\/wp\/v2\/media?parent=27045"}],"curies":[{"name":"wp","href":"https:\/\/api.w.org\/{rel}","templated":true}]}}