
{"id":22864,"date":"2021-05-10T23:57:02","date_gmt":"2021-05-11T04:57:02","guid":{"rendered":"http:\/\/pierre-wedding-blacksilver.local\/contactez-moi\/"},"modified":"2021-06-09T06:27:16","modified_gmt":"2021-06-09T11:27:16","slug":"contactez-moi","status":"publish","type":"page","link":"https:\/\/www.pierre-wedding.com\/fr\/contactez-moi\/","title":{"rendered":"Contactez-moi"},"content":{"rendered":"\t\t<div data-elementor-type=\"wp-post\" data-elementor-id=\"22864\" class=\"elementor elementor-22864 elementor-9702\" data-elementor-post-type=\"page\">\n\t\t\t\t\t\t<section class=\"jarallax lazyload elementor-section elementor-top-section elementor-element elementor-element-53794fc elementor-section-boxed elementor-section-height-default elementor-section-height-default\" data-jarallax=\"\" data-speed=\"0.75\" data-type=\"scroll\" data-parallax=\"scroll\" style=\"background-image:url(&quot;https:\/\/www.pierre-wedding.com\/wp-content\/uploads\/2021\/04\/CristinaDavid-152-high.jpg&quot;);\" data-image-src=\"https:\/\/www.pierre-wedding.com\/wp-content\/uploads\/2021\/04\/CristinaDavid-152-high.jpg\" data-id=\"53794fc\" data-element_type=\"section\" data-e-type=\"section\" data-settings=\"{&quot;background_background&quot;:&quot;classic&quot;}\">\n\t\t\t\t\t\t\t<div class=\"elementor-background-overlay\"><\/div>\n\t\t\t\t\t\t\t<div class=\"elementor-container elementor-column-gap-default\">\n\t\t\t\t\t<div class=\"elementor-column elementor-col-100 elementor-top-column elementor-element elementor-element-e5fc450\" data-id=\"e5fc450\" data-element_type=\"column\" data-e-type=\"column\" data-settings=\"{&quot;motion_fx_motion_fx_scrolling&quot;:&quot;yes&quot;,&quot;motion_fx_translateY_effect&quot;:&quot;yes&quot;,&quot;motion_fx_translateY_direction&quot;:&quot;negative&quot;,&quot;motion_fx_translateY_speed&quot;:{&quot;unit&quot;:&quot;px&quot;,&quot;size&quot;:3.4,&quot;sizes&quot;:[]},&quot;motion_fx_devices&quot;:[&quot;desktop&quot;],&quot;motion_fx_translateY_affectedRange&quot;:{&quot;unit&quot;:&quot;%&quot;,&quot;size&quot;:&quot;&quot;,&quot;sizes&quot;:{&quot;start&quot;:0,&quot;end&quot;:100}}}\">\n\t\t\t<div class=\"elementor-widget-wrap elementor-element-populated\">\n\t\t\t\t\t\t<div class=\"elementor-element elementor-element-d2861d9 section-align-center section-size-large subtitle-style-default elementor-widget elementor-widget-section-heading\" data-id=\"d2861d9\" data-element_type=\"widget\" data-e-type=\"widget\" data-widget_type=\"section-heading.default\">\n\t\t\t\t<div class=\"elementor-widget-container\">\n\t\t\t\t\t<div class=\"section-heading headingstyle-default\"><div class=\"section-title-wrapper\"><h2 class=\"entry-title section-title\">Contact <\/h2><\/div><h5 class=\"entry-sub-title section-sub-title\">Pierre Violle<\/h5><div class=\"section-description clearfix\"><div class=\"section-description-inner\"><p><strong>Photographie de mariage et Portrait<\/strong><\/p>\n<p>Bas\u00e9 dans la RIviera Maya \/ Mexique<br \/>\nPlaya del carmen - Cancun -Tulum<br \/>\ncouverture Mondiale<\/p>\n<\/div><\/div><\/div>\t\t\t\t<\/div>\n\t\t\t\t<\/div>\n\t\t\t\t\t<\/div>\n\t\t<\/div>\n\t\t\t\t\t<\/div>\n\t\t<\/section>\n\t\t\t\t<section class=\"elementor-section elementor-top-section elementor-element elementor-element-07dabc4 elementor-section-boxed elementor-section-height-default elementor-section-height-default\" data-id=\"07dabc4\" data-element_type=\"section\" data-e-type=\"section\">\n\t\t\t\t\t\t\t<div class=\"elementor-background-overlay\"><\/div>\n\t\t\t\t\t\t\t<div class=\"elementor-container elementor-column-gap-wider\">\n\t\t\t\t\t<div class=\"elementor-column elementor-col-100 elementor-top-column elementor-element elementor-element-31ca648\" data-id=\"31ca648\" data-element_type=\"column\" data-e-type=\"column\">\n\t\t\t<div class=\"elementor-widget-wrap elementor-element-populated\">\n\t\t\t\t\t\t<div class=\"elementor-element elementor-element-47acca6 elementor-widget elementor-widget-text-editor\" data-id=\"47acca6\" data-element_type=\"widget\" data-e-type=\"widget\" data-widget_type=\"text-editor.default\">\n\t\t\t\t<div class=\"elementor-widget-container\">\n\t\t\t\t\t\t\t\t\t<p><strong>Je personalise chacune de mes s\u00e9ances photos<br \/>\nParlez-moi de votrte projet, des images dont vous r\u00eavez et nous les r\u00e9aliserons ensemble<br \/>\n<\/strong><\/p>\n\t\t\t\t\t\t\t\t<\/div>\n\t\t\t\t<\/div>\n\t\t\t\t<div class=\"elementor-element elementor-element-d1e91ef elementor-widget elementor-widget-text-editor\" data-id=\"d1e91ef\" data-element_type=\"widget\" data-e-type=\"widget\" data-widget_type=\"text-editor.default\">\n\t\t\t\t<div class=\"elementor-widget-container\">\n\t\t\t\t\t\t\t\t\t<p><a href=\"mailto:contact@pierre-photography.com\">Contact@pierre-photography.com<\/a><br \/>\n<strong>ou<\/strong><\/p>\n\t\t\t\t\t\t\t\t<\/div>\n\t\t\t\t<\/div>\n\t\t\t\t<div class=\"elementor-element elementor-element-246dda7 input-border-style-default input-icons-default elementor-widget elementor-widget-contactform\" data-id=\"246dda7\" data-element_type=\"widget\" data-e-type=\"widget\" data-widget_type=\"contactform.default\">\n\t\t\t\t<div class=\"elementor-widget-container\">\n\t\t\t\t\t\t\t<div class=\"mtheme-contact-form-container\">\n\t\t\t\n<div class=\"wpcf7 no-js\" id=\"wpcf7-f9680-o1\" lang=\"en-US\" dir=\"ltr\" data-wpcf7-id=\"9680\">\n<div class=\"screen-reader-response\"><p role=\"status\" aria-live=\"polite\" aria-atomic=\"true\"><\/p> <ul><\/ul><\/div>\n<form action=\"\/fr\/wp-json\/wp\/v2\/pages\/22864#wpcf7-f9680-o1\" method=\"post\" class=\"wpcf7-form init\" aria-label=\"Contact form\" novalidate=\"novalidate\" data-status=\"init\">\n<fieldset class=\"hidden-fields-container\"><input type=\"hidden\" name=\"_wpcf7\" value=\"9680\" \/><input type=\"hidden\" name=\"_wpcf7_version\" value=\"6.1.5\" \/><input type=\"hidden\" name=\"_wpcf7_locale\" value=\"en_US\" \/><input type=\"hidden\" name=\"_wpcf7_unit_tag\" value=\"wpcf7-f9680-o1\" \/><input type=\"hidden\" name=\"_wpcf7_container_post\" value=\"0\" \/><input type=\"hidden\" name=\"_wpcf7_posted_data_hash\" value=\"\" \/>\n<\/fieldset>\n<div class=\"two-fields clearfix\">\n\t<div class=\"mtheme-form-field\">\n\t\t<p><i class=\"ion-ios-contact-outline\"><\/i><span class=\"wpcf7-form-control-wrap\" data-name=\"first-name\"><input size=\"40\" maxlength=\"400\" class=\"wpcf7-form-control wpcf7-text wpcf7-validates-as-required\" aria-required=\"true\" aria-invalid=\"false\" placeholder=\"Name (required)\" value=\"\" type=\"text\" name=\"first-name\" \/><\/span>\n\t\t<\/p>\n\t<\/div>\n\t<div class=\"mtheme-form-field\">\n\t\t<p><i class=\"ion-ios-email\"><\/i><span class=\"wpcf7-form-control-wrap\" data-name=\"your-email\"><input size=\"40\" maxlength=\"400\" class=\"wpcf7-form-control wpcf7-email wpcf7-validates-as-required wpcf7-text wpcf7-validates-as-email\" aria-required=\"true\" aria-invalid=\"false\" placeholder=\"Your Email (required)\" value=\"\" type=\"email\" name=\"your-email\" \/><\/span>\n\t\t<\/p>\n\t<\/div>\n<\/div>\n<div class=\"two-fields clearfix\">\n\t<div class=\"mtheme-form-field\">\n\t\t<p><i class=\"ion-ios-telephone\"><\/i><span class=\"wpcf7-form-control-wrap\" data-name=\"your-phone\"><input size=\"40\" maxlength=\"400\" class=\"wpcf7-form-control wpcf7-text\" aria-invalid=\"false\" placeholder=\"Phone No:\" value=\"\" type=\"text\" name=\"your-phone\" \/><\/span>\n\t\t<\/p>\n\t<\/div>\n\t<div class=\"mtheme-form-field\">\n\t\t<p><i class=\"ion-ios-compose\"><\/i><span class=\"wpcf7-form-control-wrap\" data-name=\"your-date\"><input class=\"wpcf7-form-control wpcf7-date wpcf7-validates-as-date\" aria-invalid=\"false\" placeholder=\"Date of your event\" value=\"\" type=\"date\" name=\"your-date\" \/><\/span>\n\t\t<\/p>\n\t<\/div>\n<\/div>\n<div class=\"single-field\">\n\t<div class=\"mtheme-form-field\">\n\t\t<p><i class=\"ion-ios-compose\"><\/i><span class=\"wpcf7-form-control-wrap\" data-name=\"your-subject\"><input size=\"40\" maxlength=\"400\" class=\"wpcf7-form-control wpcf7-text\" aria-invalid=\"false\" placeholder=\"Subject\" value=\"\" type=\"text\" name=\"your-subject\" \/><\/span>\n\t\t<\/p>\n\t<\/div>\n<\/div>\n<div class=\"single-field\">\n\t<div class=\"mtheme-form-field\">\n\t\t<p><i class=\"ion-ios-compose\"><\/i><span class=\"wpcf7-form-control-wrap\" data-name=\"your-message\"><textarea cols=\"40\" rows=\"10\" maxlength=\"2000\" class=\"wpcf7-form-control wpcf7-textarea wpcf7-validates-as-required\" aria-required=\"true\" aria-invalid=\"false\" placeholder=\"Your Message (required)\" name=\"your-message\"><\/textarea><\/span>\n\t\t<\/p>\n\t<\/div>\n<\/div>\n<div class=\"single-field\">\n\t<div class=\"mtheme-form-field\">\n\t\t<p><i class=\"ion-ios-compose\"><\/i><span class=\"wpcf7-form-control-wrap\" data-name=\"feedback\"><input size=\"40\" maxlength=\"400\" class=\"wpcf7-form-control wpcf7-text\" aria-invalid=\"false\" placeholder=\"How did you hear about me\" value=\"\" type=\"text\" name=\"feedback\" \/><\/span>\n\t\t<\/p>\n\t<\/div>\n<\/div>\n<p><input class=\"wpcf7-form-control wpcf7-submit has-spinner\" type=\"submit\" value=\"Send\" \/>\n<\/p><p style=\"display: none !important;\" class=\"akismet-fields-container\" data-prefix=\"_wpcf7_ak_\"><label>\u0394<textarea name=\"_wpcf7_ak_hp_textarea\" cols=\"45\" rows=\"8\" maxlength=\"100\"><\/textarea><\/label><input type=\"hidden\" id=\"ak_js_1\" name=\"_wpcf7_ak_js\" value=\"69\"\/><script type=\"text\/javascript\">\n\/* <![CDATA[ *\/\ndocument.getElementById( \"ak_js_1\" ).setAttribute( \"value\", ( new Date() ).getTime() );\n\/* ]]> *\/\n<\/script>\n<\/p><div class=\"wpcf7-response-output\" aria-hidden=\"true\"><\/div>\n<\/form>\n<\/div>\n\t\t<\/div>\n\t\t\t\t\t\t<\/div>\n\t\t\t\t<\/div>\n\t\t\t\t\t<\/div>\n\t\t<\/div>\n\t\t\t\t\t<\/div>\n\t\t<\/section>\n\t\t\t\t<section class=\"elementor-section elementor-top-section elementor-element elementor-element-81e72a7 elementor-section-full_width elementor-section-height-default elementor-section-height-default\" data-id=\"81e72a7\" data-element_type=\"section\" data-e-type=\"section\">\n\t\t\t\t\t\t<div class=\"elementor-container elementor-column-gap-no\">\n\t\t\t\t\t<div class=\"elementor-column elementor-col-100 elementor-top-column elementor-element elementor-element-d3da09e\" data-id=\"d3da09e\" data-element_type=\"column\" data-e-type=\"column\">\n\t\t\t<div class=\"elementor-widget-wrap elementor-element-populated\">\n\t\t\t\t\t\t<div class=\"elementor-element elementor-element-8f57cef carousel-dots-no carousel-arrow-shape-default elementor-widget elementor-widget-slideshow-carousel\" data-id=\"8f57cef\" data-element_type=\"widget\" data-e-type=\"widget\" data-widget_type=\"slideshow-carousel.default\">\n\t\t\t\t<div class=\"elementor-widget-container\">\n\t\t\t\t\t<div class=\"gridblock-owlcarousel-wrap clearfix\"><div id=\"22864-6a06e04936ead\" class=\"owl-carousel owl-slideshow-element owl-carousel-detect owl-carousel-type-flatcarousel\" data-autoplaytimeout=\"3500\" data-smartspeed=\"1500\" data-id=\"22864-6a06e04936ead\" data-autoplay=\"true\" data-lazyload=\"false\" data-type=\"flatcarousel\"><div class=\"gridblock-slideshow-element\"><img decoding=\"async\" src=\"https:\/\/www.pierre-wedding.com\/wp-content\/uploads\/2021\/04\/LauraKris-38-High.jpg\" alt=\"\" class=\"owl-slide-image\"\/><\/div><div class=\"gridblock-slideshow-element\"><img decoding=\"async\" src=\"https:\/\/www.pierre-wedding.com\/wp-content\/uploads\/2019\/04\/xcaret-wedding-38.jpg\" alt=\"\" class=\"owl-slide-image\"\/><\/div><div class=\"gridblock-slideshow-element\"><img decoding=\"async\" src=\"https:\/\/www.pierre-wedding.com\/wp-content\/uploads\/2021\/04\/Nadiia-Mexico-010-High.jpg\" alt=\"\" class=\"owl-slide-image\"\/><\/div><div class=\"gridblock-slideshow-element\"><img decoding=\"async\" src=\"https:\/\/www.pierre-wedding.com\/wp-content\/uploads\/2019\/04\/xcaret-wedding-10.jpg\" alt=\"\" class=\"owl-slide-image\"\/><\/div><\/div><\/div>\t\t\t\t<\/div>\n\t\t\t\t<\/div>\n\t\t\t\t\t<\/div>\n\t\t<\/div>\n\t\t\t\t\t<\/div>\n\t\t<\/section>\n\t\t\t\t<\/div>\n\t\t","protected":false},"excerpt":{"rendered":"<p>Contact Pierre Violle Photographie de mariage et Portrait Bas\u00e9 dans la RIviera Maya \/ Mexique Playa del carmen \u2013 Cancun -Tulum couverture Mondiale Je personalise chacune de mes s\u00e9ances photos Parlez-moi de votrte projet, des images dont vous r\u00eavez et nous les r\u00e9aliserons ensemble Contact@pierre-photography.com ou<\/p>\n","protected":false},"author":1,"featured_media":24992,"parent":0,"menu_order":0,"comment_status":"closed","ping_status":"closed","template":"","meta":{"_acf_changed":false,"footnotes":""},"class_list":["post-22864","page","type-page","status-publish","has-post-thumbnail","hentry"],"acf":[],"yoast_head":"<!-- This site is optimized with the Yoast SEO plugin v27.6 - https:\/\/yoast.com\/product\/yoast-seo-wordpress\/ -->\n<title>Contact - Pierre Visual Studio<\/title>\n<meta name=\"description\" content=\"Page de contact - Pierre visual studio\/ Pierre Violle\" \/>\n<meta name=\"robots\" content=\"index, follow, max-snippet:-1, max-image-preview:large, max-video-preview:-1\" \/>\n<link rel=\"canonical\" href=\"https:\/\/www.pierre-wedding.com\/fr\/contactez-moi\/\" \/>\n<meta property=\"og:locale\" content=\"fr_FR\" \/>\n<meta property=\"og:type\" content=\"article\" \/>\n<meta property=\"og:title\" content=\"Contact - Pierre Visual Studio\" \/>\n<meta property=\"og:description\" content=\"Page de contact - Pierre visual studio\/ Pierre Violle\" \/>\n<meta property=\"og:url\" content=\"https:\/\/www.pierre-wedding.com\/fr\/contactez-moi\/\" \/>\n<meta property=\"og:site_name\" content=\"Pierre Visual Studio\" \/>\n<meta property=\"article:publisher\" content=\"https:\/\/www.facebook.com\/Pierre.Visual.Studio\" \/>\n<meta property=\"article:modified_time\" content=\"2021-06-09T11:27:16+00:00\" \/>\n<meta property=\"og:image\" content=\"https:\/\/www.pierre-wedding.com\/wp-content\/uploads\/2021\/05\/maya-wedding-cenote-63-1.jpg\" \/>\n\t<meta property=\"og:image:width\" content=\"2000\" \/>\n\t<meta property=\"og:image:height\" content=\"1333\" \/>\n\t<meta property=\"og:image:type\" content=\"image\/jpeg\" \/>\n<meta name=\"twitter:card\" content=\"summary_large_image\" \/>\n<meta name=\"twitter:label1\" content=\"Dur\u00e9e de lecture estim\u00e9e\" \/>\n\t<meta name=\"twitter:data1\" content=\"1 minute\" \/>\n<script type=\"application\/ld+json\" class=\"yoast-schema-graph\">{\"@context\":\"https:\\\/\\\/schema.org\",\"@graph\":[{\"@type\":\"WebPage\",\"@id\":\"https:\\\/\\\/www.pierre-wedding.com\\\/fr\\\/contactez-moi\\\/\",\"url\":\"https:\\\/\\\/www.pierre-wedding.com\\\/fr\\\/contactez-moi\\\/\",\"name\":\"Contact - Pierre Visual Studio\",\"isPartOf\":{\"@id\":\"https:\\\/\\\/www.pierre-wedding.com\\\/fr\\\/#website\"},\"primaryImageOfPage\":{\"@id\":\"https:\\\/\\\/www.pierre-wedding.com\\\/fr\\\/contactez-moi\\\/#primaryimage\"},\"image\":{\"@id\":\"https:\\\/\\\/www.pierre-wedding.com\\\/fr\\\/contactez-moi\\\/#primaryimage\"},\"thumbnailUrl\":\"https:\\\/\\\/www.pierre-wedding.com\\\/wp-content\\\/uploads\\\/2021\\\/05\\\/maya-wedding-cenote-63-1.jpg\",\"datePublished\":\"2021-05-11T04:57:02+00:00\",\"dateModified\":\"2021-06-09T11:27:16+00:00\",\"description\":\"Page de contact - Pierre visual studio\\\/ Pierre Violle\",\"breadcrumb\":{\"@id\":\"https:\\\/\\\/www.pierre-wedding.com\\\/fr\\\/contactez-moi\\\/#breadcrumb\"},\"inLanguage\":\"fr-FR\",\"potentialAction\":[{\"@type\":\"ReadAction\",\"target\":[\"https:\\\/\\\/www.pierre-wedding.com\\\/fr\\\/contactez-moi\\\/\"]}]},{\"@type\":\"ImageObject\",\"inLanguage\":\"fr-FR\",\"@id\":\"https:\\\/\\\/www.pierre-wedding.com\\\/fr\\\/contactez-moi\\\/#primaryimage\",\"url\":\"https:\\\/\\\/www.pierre-wedding.com\\\/wp-content\\\/uploads\\\/2021\\\/05\\\/maya-wedding-cenote-63-1.jpg\",\"contentUrl\":\"https:\\\/\\\/www.pierre-wedding.com\\\/wp-content\\\/uploads\\\/2021\\\/05\\\/maya-wedding-cenote-63-1.jpg\",\"width\":2000,\"height\":1333,\"caption\":\"Pierre visual studio\"},{\"@type\":\"BreadcrumbList\",\"@id\":\"https:\\\/\\\/www.pierre-wedding.com\\\/fr\\\/contactez-moi\\\/#breadcrumb\",\"itemListElement\":[{\"@type\":\"ListItem\",\"position\":1,\"name\":\"Accueil\",\"item\":\"https:\\\/\\\/www.pierre-wedding.com\\\/fr\\\/accueil\\\/\"},{\"@type\":\"ListItem\",\"position\":2,\"name\":\"Contactez-moi\"}]},{\"@type\":\"WebSite\",\"@id\":\"https:\\\/\\\/www.pierre-wedding.com\\\/fr\\\/#website\",\"url\":\"https:\\\/\\\/www.pierre-wedding.com\\\/fr\\\/\",\"name\":\"Pierre Visual Studio\",\"description\":\"Photographie de Mariage et Portrait\",\"publisher\":{\"@id\":\"https:\\\/\\\/www.pierre-wedding.com\\\/fr\\\/#organization\"},\"potentialAction\":[{\"@type\":\"SearchAction\",\"target\":{\"@type\":\"EntryPoint\",\"urlTemplate\":\"https:\\\/\\\/www.pierre-wedding.com\\\/fr\\\/?s={search_term_string}\"},\"query-input\":{\"@type\":\"PropertyValueSpecification\",\"valueRequired\":true,\"valueName\":\"search_term_string\"}}],\"inLanguage\":\"fr-FR\"},{\"@type\":\"Organization\",\"@id\":\"https:\\\/\\\/www.pierre-wedding.com\\\/fr\\\/#organization\",\"name\":\"Pierre Visual Studio\",\"url\":\"https:\\\/\\\/www.pierre-wedding.com\\\/fr\\\/\",\"logo\":{\"@type\":\"ImageObject\",\"inLanguage\":\"fr-FR\",\"@id\":\"https:\\\/\\\/www.pierre-wedding.com\\\/fr\\\/#\\\/schema\\\/logo\\\/image\\\/\",\"url\":\"https:\\\/\\\/www.pierre-wedding.com\\\/wp-content\\\/uploads\\\/2021\\\/03\\\/logo-final-PIERRE-VIOLLE-3000-negro-transparente-02b.png\",\"contentUrl\":\"https:\\\/\\\/www.pierre-wedding.com\\\/wp-content\\\/uploads\\\/2021\\\/03\\\/logo-final-PIERRE-VIOLLE-3000-negro-transparente-02b.png\",\"width\":3050,\"height\":900,\"caption\":\"Pierre Visual Studio\"},\"image\":{\"@id\":\"https:\\\/\\\/www.pierre-wedding.com\\\/fr\\\/#\\\/schema\\\/logo\\\/image\\\/\"},\"sameAs\":[\"https:\\\/\\\/www.facebook.com\\\/Pierre.Visual.Studio\",\"https:\\\/\\\/www.instagram.com\\\/pierre_visual_studio\",\"https:\\\/\\\/www.linkedin.com\\\/in\\\/pierre-violle-0b0a073\\\/\",\"https:\\\/\\\/www.youtube.com\\\/user\\\/PierreVisualStudio\"]}]}<\/script>\n<!-- \/ Yoast SEO plugin. -->","yoast_head_json":{"title":"Contact - Pierre Visual Studio","description":"Page de contact - Pierre visual studio\/ Pierre Violle","robots":{"index":"index","follow":"follow","max-snippet":"max-snippet:-1","max-image-preview":"max-image-preview:large","max-video-preview":"max-video-preview:-1"},"canonical":"https:\/\/www.pierre-wedding.com\/fr\/contactez-moi\/","og_locale":"fr_FR","og_type":"article","og_title":"Contact - Pierre Visual Studio","og_description":"Page de contact - Pierre visual studio\/ Pierre Violle","og_url":"https:\/\/www.pierre-wedding.com\/fr\/contactez-moi\/","og_site_name":"Pierre Visual Studio","article_publisher":"https:\/\/www.facebook.com\/Pierre.Visual.Studio","article_modified_time":"2021-06-09T11:27:16+00:00","og_image":[{"width":2000,"height":1333,"url":"https:\/\/www.pierre-wedding.com\/wp-content\/uploads\/2021\/05\/maya-wedding-cenote-63-1.jpg","type":"image\/jpeg"}],"twitter_card":"summary_large_image","twitter_misc":{"Dur\u00e9e de lecture estim\u00e9e":"1 minute"},"schema":{"@context":"https:\/\/schema.org","@graph":[{"@type":"WebPage","@id":"https:\/\/www.pierre-wedding.com\/fr\/contactez-moi\/","url":"https:\/\/www.pierre-wedding.com\/fr\/contactez-moi\/","name":"Contact - Pierre Visual Studio","isPartOf":{"@id":"https:\/\/www.pierre-wedding.com\/fr\/#website"},"primaryImageOfPage":{"@id":"https:\/\/www.pierre-wedding.com\/fr\/contactez-moi\/#primaryimage"},"image":{"@id":"https:\/\/www.pierre-wedding.com\/fr\/contactez-moi\/#primaryimage"},"thumbnailUrl":"https:\/\/www.pierre-wedding.com\/wp-content\/uploads\/2021\/05\/maya-wedding-cenote-63-1.jpg","datePublished":"2021-05-11T04:57:02+00:00","dateModified":"2021-06-09T11:27:16+00:00","description":"Page de contact - Pierre visual studio\/ Pierre Violle","breadcrumb":{"@id":"https:\/\/www.pierre-wedding.com\/fr\/contactez-moi\/#breadcrumb"},"inLanguage":"fr-FR","potentialAction":[{"@type":"ReadAction","target":["https:\/\/www.pierre-wedding.com\/fr\/contactez-moi\/"]}]},{"@type":"ImageObject","inLanguage":"fr-FR","@id":"https:\/\/www.pierre-wedding.com\/fr\/contactez-moi\/#primaryimage","url":"https:\/\/www.pierre-wedding.com\/wp-content\/uploads\/2021\/05\/maya-wedding-cenote-63-1.jpg","contentUrl":"https:\/\/www.pierre-wedding.com\/wp-content\/uploads\/2021\/05\/maya-wedding-cenote-63-1.jpg","width":2000,"height":1333,"caption":"Pierre visual studio"},{"@type":"BreadcrumbList","@id":"https:\/\/www.pierre-wedding.com\/fr\/contactez-moi\/#breadcrumb","itemListElement":[{"@type":"ListItem","position":1,"name":"Accueil","item":"https:\/\/www.pierre-wedding.com\/fr\/accueil\/"},{"@type":"ListItem","position":2,"name":"Contactez-moi"}]},{"@type":"WebSite","@id":"https:\/\/www.pierre-wedding.com\/fr\/#website","url":"https:\/\/www.pierre-wedding.com\/fr\/","name":"Pierre Visual Studio","description":"Photographie de Mariage et Portrait","publisher":{"@id":"https:\/\/www.pierre-wedding.com\/fr\/#organization"},"potentialAction":[{"@type":"SearchAction","target":{"@type":"EntryPoint","urlTemplate":"https:\/\/www.pierre-wedding.com\/fr\/?s={search_term_string}"},"query-input":{"@type":"PropertyValueSpecification","valueRequired":true,"valueName":"search_term_string"}}],"inLanguage":"fr-FR"},{"@type":"Organization","@id":"https:\/\/www.pierre-wedding.com\/fr\/#organization","name":"Pierre Visual Studio","url":"https:\/\/www.pierre-wedding.com\/fr\/","logo":{"@type":"ImageObject","inLanguage":"fr-FR","@id":"https:\/\/www.pierre-wedding.com\/fr\/#\/schema\/logo\/image\/","url":"https:\/\/www.pierre-wedding.com\/wp-content\/uploads\/2021\/03\/logo-final-PIERRE-VIOLLE-3000-negro-transparente-02b.png","contentUrl":"https:\/\/www.pierre-wedding.com\/wp-content\/uploads\/2021\/03\/logo-final-PIERRE-VIOLLE-3000-negro-transparente-02b.png","width":3050,"height":900,"caption":"Pierre Visual Studio"},"image":{"@id":"https:\/\/www.pierre-wedding.com\/fr\/#\/schema\/logo\/image\/"},"sameAs":["https:\/\/www.facebook.com\/Pierre.Visual.Studio","https:\/\/www.instagram.com\/pierre_visual_studio","https:\/\/www.linkedin.com\/in\/pierre-violle-0b0a073\/","https:\/\/www.youtube.com\/user\/PierreVisualStudio"]}]}},"_links":{"self":[{"href":"https:\/\/www.pierre-wedding.com\/fr\/wp-json\/wp\/v2\/pages\/22864","targetHints":{"allow":["GET"]}}],"collection":[{"href":"https:\/\/www.pierre-wedding.com\/fr\/wp-json\/wp\/v2\/pages"}],"about":[{"href":"https:\/\/www.pierre-wedding.com\/fr\/wp-json\/wp\/v2\/types\/page"}],"author":[{"embeddable":true,"href":"https:\/\/www.pierre-wedding.com\/fr\/wp-json\/wp\/v2\/users\/1"}],"replies":[{"embeddable":true,"href":"https:\/\/www.pierre-wedding.com\/fr\/wp-json\/wp\/v2\/comments?post=22864"}],"version-history":[{"count":0,"href":"https:\/\/www.pierre-wedding.com\/fr\/wp-json\/wp\/v2\/pages\/22864\/revisions"}],"wp:featuredmedia":[{"embeddable":true,"href":"https:\/\/www.pierre-wedding.com\/fr\/wp-json\/wp\/v2\/media\/24992"}],"wp:attachment":[{"href":"https:\/\/www.pierre-wedding.com\/fr\/wp-json\/wp\/v2\/media?parent=22864"}],"curies":[{"name":"wp","href":"https:\/\/api.w.org\/{rel}","templated":true}]}}